{"id":29346,"date":"2020-11-27T09:14:53","date_gmt":"2020-11-27T09:14:53","guid":{"rendered":"https:\/\/demoapus2.com\/uomo-import\/my-account\/"},"modified":"2020-11-27T09:14:53","modified_gmt":"2020-11-27T09:14:53","slug":"my-account","status":"publish","type":"page","link":"https:\/\/zasua.com.co\/?page_id=29346","title":{"rendered":"My account"},"content":{"rendered":"\t\t<div data-elementor-type=\"wp-page\" data-elementor-id=\"29346\" class=\"elementor elementor-29346\" data-elementor-post-type=\"page\">\n\t\t\t\t\t\t<section class=\"elementor-section elementor-top-section elementor-element elementor-element-3ec114e3 elementor-section-stretched elementor-section-boxed elementor-section-height-default elementor-section-height-default\" data-id=\"3ec114e3\" data-element_type=\"section\" data-settings=\"{&quot;stretch_section&quot;:&quot;section-stretched&quot;}\">\n\t\t\t\t\t\t<div class=\"elementor-container elementor-column-gap-extended\">\n\t\t\t\t\t<div class=\"elementor-column elementor-col-100 elementor-top-column elementor-element elementor-element-7fb5cd29\" data-id=\"7fb5cd29\" data-element_type=\"column\">\n\t\t\t<div class=\"elementor-widget-wrap elementor-element-populated\">\n\t\t\t\t\t\t<div class=\"elementor-element elementor-element-720f257e elementor-widget elementor-widget-text-editor\" data-id=\"720f257e\" data-element_type=\"widget\" data-widget_type=\"text-editor.default\">\n\t\t\t\t\t\t\t\t\t<div class=\"woocommerce\">\n<div class=\"woocommerce-notices-wrapper\"><\/div>\n<div class=\"user\">\n<div id=\"customer_login_sGd28\" class=\"register_login_wrapper active\">\n<h2 class=\"title\">Inicio de sesi\u00f3n<\/h2>\n<form method=\"post\" class=\"login\" role=\"form\">\n<p class=\"form-group form-row form-row-wide\">\n\t\t\t\t<input type=\"text\" class=\"form-control\" name=\"username\" id=\"username\" value=\"\" \/><br \/>\n\t\t\t\t<label for=\"username\" class=\"for-control\">Nombre de usuario o Correo electr\u00f3nico <span class=\"required\">*<\/span><\/label>\n\t\t\t<\/p>\n<p class=\"form-group form-row form-row-wide\">\n\t\t\t\t<input class=\"form-control\" type=\"password\" name=\"password\" id=\"password\" \/><br \/>\n\t\t\t\t<label for=\"password\" class=\"for-control\">Contrase\u00f1a <span class=\"required\">*<\/span><\/label>\n\t\t\t<\/p>\n<div class=\"form-group form-row\">\n\t\t\t\t<input type=\"hidden\" id=\"woocommerce-login-nonce\" name=\"woocommerce-login-nonce\" value=\"169807c4f6\" \/><input type=\"hidden\" name=\"_wp_http_referer\" value=\"\/index.php?rest_route=%2Fwp%2Fv2%2Fpages%2F29346\" \/>\t\t\t\t<\/p>\n<div class=\"form-group clearfix\">\n\t\t\t\t\t<span class=\"inline pull-left\"><br \/>\n\t\t\t\t\t\t<input name=\"rememberme\" type=\"checkbox\" id=\"rememberme\" value=\"forever\" \/> Acu\u00e9rdate de m\u00ed\t\t\t\t\t<\/span><br \/>\n\t\t\t\t\t<span class=\"lost_password pull-right\"><br \/>\n\t\t\t\t\t\t<a href=\"https:\/\/zasua.com.co\/?page_id=29346&#038;lost-password\">Perdido tu contrase\u00f1a?<\/a><br \/>\n\t\t\t\t\t<\/span>\n\t\t\t\t<\/div>\n<p>\t\t\t\t<input type=\"submit\" class=\"btn btn-primary btn-block\" name=\"login\" value=\"REGISTRO EN\" \/>\n\t\t\t<\/div>\n<\/p><\/form>\n<div class=\"create text-center\">\n\t\t\t\tNo cuenta todav\u00eda? <a class=\"creat-account register-login-action\" href=\"#customer_register_sGd28\">Crear una cuenta<\/a>\n\t\t\t<\/div>\n<\/p><\/div>\n<div id=\"customer_register_sGd28\" class=\"content-register register_login_wrapper \">\n<h2 class=\"title\">Registro<\/h2>\n<form method=\"post\" class=\"register widget\"  >\n<p class=\"form-group form-row form-row-wide\">\n<p>\t\t\t\t<input type=\"email\" class=\"form-control\" name=\"email\" id=\"reg_email\" value=\"\" \/><br \/>\n\t\t\t\t<label for=\"reg_email\" class=\"for-control\">Direcci\u00f3n de correo electr\u00f3nico <span class=\"required\">*<\/span><\/label>\n\t\t\t<\/p>\n<p>Una contrase\u00f1a le ser\u00e1 enviada a su direcci\u00f3n de correo electr\u00f3nico.<\/p>\n<p>\t\t\t<wc-order-attribution-inputs><\/wc-order-attribution-inputs><\/p>\n<div class=\"woocommerce-privacy-policy-text\">\n<p>Tus datos personales se utilizar\u00e1n para procesar tu pedido, mejorar tu experiencia en esta web, gestionar el acceso a tu cuenta y otros prop\u00f3sitos descritos en nuestra <a href=\"https:\/\/zasua.com.co\/?page_id=3\" class=\"woocommerce-privacy-policy-link\" target=\"_blank\">pol\u00edtica de privacidad<\/a>.<\/p>\n<\/div>\n<p class=\"form-group form-row wrapper-submit\">\n\t\t\t\t<input type=\"hidden\" id=\"woocommerce-register-nonce\" name=\"woocommerce-register-nonce\" value=\"d50a6908ff\" \/><input type=\"hidden\" name=\"_wp_http_referer\" value=\"\/index.php?rest_route=%2Fwp%2Fv2%2Fpages%2F29346\" \/>\t\t\t\t<button type=\"submit\" class=\"btn btn-primary btn-block\" name=\"register\" value=\"Registro\">REGISTRO<\/button>\n\t\t\t<\/p>\n<\/p><\/form>\n<div class=\"create text-center\">\n\t\t\tTener una Cuenta. <a class=\"login-account register-login-action\" href=\"#customer_login_sGd28\">Inicio de sesi\u00f3n<\/a>\n\t\t<\/div>\n<\/p><\/div>\n<\/div>\n<\/div>\n\t\t\t\t\t\t\t\t<\/div>\n\t\t\t\t\t<\/div>\n\t\t<\/div>\n\t\t\t\t\t<\/div>\n\t\t<\/section>\n\t\t\t\t<\/div>\n\t\t","protected":false},"excerpt":{"rendered":"","protected":false},"author":1,"featured_media":0,"parent":0,"menu_order":0,"comment_status":"closed","ping_status":"closed","template":"","meta":{"_joinchat":[],"footnotes":""},"class_list":["post-29346","page","type-page","status-publish","hentry"],"_links":{"self":[{"href":"https:\/\/zasua.com.co\/index.php?rest_route=\/wp\/v2\/pages\/29346","targetHints":{"allow":["GET"]}}],"collection":[{"href":"https:\/\/zasua.com.co\/index.php?rest_route=\/wp\/v2\/pages"}],"about":[{"href":"https:\/\/zasua.com.co\/index.php?rest_route=\/wp\/v2\/types\/page"}],"author":[{"embeddable":true,"href":"https:\/\/zasua.com.co\/index.php?rest_route=\/wp\/v2\/users\/1"}],"replies":[{"embeddable":true,"href":"https:\/\/zasua.com.co\/index.php?rest_route=%2Fwp%2Fv2%2Fcomments&post=29346"}],"version-history":[{"count":0,"href":"https:\/\/zasua.com.co\/index.php?rest_route=\/wp\/v2\/pages\/29346\/revisions"}],"wp:attachment":[{"href":"https:\/\/zasua.com.co\/index.php?rest_route=%2Fwp%2Fv2%2Fmedia&parent=29346"}],"curies":[{"name":"wp","href":"https:\/\/api.w.org\/{rel}","templated":true}]}}