{"id":39,"date":"2020-11-30T01:55:39","date_gmt":"2020-11-30T01:55:39","guid":{"rendered":"https:\/\/demoapus2.com\/uomo-import\/?page_id=39"},"modified":"2025-12-03T11:51:08","modified_gmt":"2025-12-03T16:51:08","slug":"about","status":"publish","type":"page","link":"https:\/\/zasua.com.co\/?page_id=39","title":{"rendered":"Sobre nosotros"},"content":{"rendered":"\t\t<div data-elementor-type=\"wp-page\" data-elementor-id=\"39\" class=\"elementor elementor-39\" data-elementor-post-type=\"page\">\n\t\t\t\t\t\t<section class=\"elementor-section elementor-top-section elementor-element elementor-element-7b875e0 elementor-section-stretched elementor-section-boxed elementor-section-height-default elementor-section-height-default\" data-id=\"7b875e0\" data-element_type=\"section\" data-settings=\"{&quot;stretch_section&quot;:&quot;section-stretched&quot;,&quot;background_background&quot;:&quot;classic&quot;}\">\n\t\t\t\t\t\t<div class=\"elementor-container elementor-column-gap-extended\">\n\t\t\t\t\t<div class=\"elementor-column elementor-col-100 elementor-top-column elementor-element elementor-element-71cbfdb\" data-id=\"71cbfdb\" data-element_type=\"column\">\n\t\t\t<div class=\"elementor-widget-wrap elementor-element-populated\">\n\t\t\t\t\t\t<div class=\"elementor-element elementor-element-baf2d6b elementor-widget elementor-widget-heading\" data-id=\"baf2d6b\" data-element_type=\"widget\" data-widget_type=\"heading.default\">\n\t\t\t\t\t<h2 class=\"elementor-heading-title elementor-size-default\">Sobre nosotros<\/h2>\t\t\t\t<\/div>\n\t\t\t\t\t<\/div>\n\t\t<\/div>\n\t\t\t\t\t<\/div>\n\t\t<\/section>\n\t\t\t\t<section class=\"elementor-section elementor-top-section elementor-element elementor-element-794874d elementor-section-stretched elementor-section-boxed elementor-section-height-default elementor-section-height-default\" data-id=\"794874d\" data-element_type=\"section\" data-settings=\"{&quot;stretch_section&quot;:&quot;section-stretched&quot;,&quot;background_background&quot;:&quot;classic&quot;}\">\n\t\t\t\t\t\t<div class=\"elementor-container elementor-column-gap-extended\">\n\t\t\t\t\t<div class=\"elementor-column elementor-col-100 elementor-top-column elementor-element elementor-element-ca4e23b\" data-id=\"ca4e23b\" data-element_type=\"column\">\n\t\t\t<div class=\"elementor-widget-wrap elementor-element-populated\">\n\t\t\t\t\t\t<div class=\"elementor-element elementor-element-de3374e elementor-widget elementor-widget-heading\" data-id=\"de3374e\" data-element_type=\"widget\" data-widget_type=\"heading.default\">\n\t\t\t\t\t<h2 class=\"elementor-heading-title elementor-size-default\">NUESTRA ESENCIA<\/h2>\t\t\t\t<\/div>\n\t\t\t\t<div class=\"elementor-element elementor-element-fb1542e elementor-widget elementor-widget-text-editor\" data-id=\"fb1542e\" data-element_type=\"widget\" data-widget_type=\"text-editor.default\">\n\t\t\t\t\t\t\t\t\t<p>En Zasua creemos que la verdadera elegancia nace de los detalles. Somos una marca colombiana dedicada a la creaci\u00f3n de zapatos, carteras y accesorios en cuero, elaborados a mano por artesanos que dominan el oficio con maestr\u00eda.<\/p>\t\t\t\t\t\t\t\t<\/div>\n\t\t\t\t<div class=\"elementor-element elementor-element-ab84cc6 elementor-widget elementor-widget-text-editor\" data-id=\"ab84cc6\" data-element_type=\"widget\" data-widget_type=\"text-editor.default\">\n\t\t\t\t\t\t\t\t\t<p>Cada pieza es el resultado de un equilibrio perfecto entre confort, dise\u00f1o y tradici\u00f3n, pensada para quienes valoran el lujo aut\u00e9ntico y la exclusividad.<br \/>M\u00e1s que moda, en Zasua creamos experiencias atemporales: piezas \u00fanicas en cuero que acompa\u00f1an cada paso.\u201d cada historia y cada estilo de vida.<\/p>\t\t\t\t\t\t\t\t<\/div>\n\t\t\t\t\t<\/div>\n\t\t<\/div>\n\t\t\t\t\t<\/div>\n\t\t<\/section>\n\t\t\t\t<section class=\"elementor-section elementor-top-section elementor-element elementor-element-87cf213 elementor-section-stretched elementor-section-boxed elementor-section-height-default elementor-section-height-default\" data-id=\"87cf213\" data-element_type=\"section\" data-settings=\"{&quot;stretch_section&quot;:&quot;section-stretched&quot;,&quot;background_background&quot;:&quot;classic&quot;}\">\n\t\t\t\t\t\t<div class=\"elementor-container elementor-column-gap-extended\">\n\t\t\t\t\t<div class=\"elementor-column elementor-col-100 elementor-top-column elementor-element elementor-element-d4df41c\" data-id=\"d4df41c\" data-element_type=\"column\">\n\t\t\t<div class=\"elementor-widget-wrap elementor-element-populated\">\n\t\t\t\t<div class=\"elementor-element elementor-element-8454b5b e-grid e-con-boxed e-con e-parent\" data-id=\"8454b5b\" data-element_type=\"container\">\n\t\t\t\t\t<div class=\"e-con-inner\">\n\t\t<div class=\"elementor-element elementor-element-7ea8608 e-con-full e-flex e-con e-child\" data-id=\"7ea8608\" data-element_type=\"container\">\n\t\t\t\t<div class=\"elementor-element elementor-element-d57c362 elementor-widget elementor-widget-heading\" data-id=\"d57c362\" data-element_type=\"widget\" data-widget_type=\"heading.default\">\n\t\t\t\t\t<h2 class=\"elementor-heading-title elementor-size-default\">Misi\u00f3n<\/h2>\t\t\t\t<\/div>\n\t\t\t\t<div class=\"elementor-element elementor-element-7c5499d elementor-widget elementor-widget-text-editor\" data-id=\"7c5499d\" data-element_type=\"widget\" data-widget_type=\"text-editor.default\">\n\t\t\t\t\t\t\t\t\t<p>En Zasua nuestra misi\u00f3n es exaltar la artesan\u00eda colombiana, transformando el cuero en piezas de elegancia atemporal. Dise\u00f1amos zapatos, carteras y accesorios que combinan sofisticaci\u00f3n, confort y exclusividad, acompa\u00f1ando a cada cliente en su estilo de vida con distinci\u00f3n.<br \/>M\u00e1s que productos, ofrecemos experiencias de lujo aut\u00e9ntico, hechas a mano con pasi\u00f3n y dedicaci\u00f3n, para quienes valoran los detalles que trascienden.<\/p>\t\t\t\t\t\t\t\t<\/div>\n\t\t\t\t<\/div>\n\t\t<div class=\"elementor-element elementor-element-3f96adc e-con-full e-flex e-con e-child\" data-id=\"3f96adc\" data-element_type=\"container\">\n\t\t\t\t<div class=\"elementor-element elementor-element-a50f8ed elementor-widget elementor-widget-heading\" data-id=\"a50f8ed\" data-element_type=\"widget\" data-widget_type=\"heading.default\">\n\t\t\t\t\t<h2 class=\"elementor-heading-title elementor-size-default\">Visi\u00f3n\n<\/h2>\t\t\t\t<\/div>\n\t\t\t\t<div class=\"elementor-element elementor-element-325743c elementor-widget elementor-widget-text-editor\" data-id=\"325743c\" data-element_type=\"widget\" data-widget_type=\"text-editor.default\">\n\t\t\t\t\t\t\t\t\t<p>En Zasua aspiramos a consolidarnos como una marca referente de lujo artesanal en cuero, reconocida a nivel nacional e internacional por la excelencia en cada detalle, la innovaci\u00f3n en el dise\u00f1o y el respeto por la tradici\u00f3n artesanal colombiana.<br \/>Nuestra visi\u00f3n es trascender fronteras, llevando el nombre de Colombia al mundo a trav\u00e9s de creaciones que unen elegancia, autenticidad y legado.<\/p>\t\t\t\t\t\t\t\t<\/div>\n\t\t\t\t<\/div>\n\t\t\t\t\t<\/div>\n\t\t\t\t<\/div>\n\t\t\t\t\t<\/div>\n\t\t<\/div>\n\t\t\t\t\t<\/div>\n\t\t<\/section>\n\t\t\t\t<section class=\"elementor-section elementor-top-section elementor-element elementor-element-46bd28d elementor-section-content-middle elementor-section-stretched elementor-section-boxed elementor-section-height-default elementor-section-height-default\" data-id=\"46bd28d\" data-element_type=\"section\" data-settings=\"{&quot;stretch_section&quot;:&quot;section-stretched&quot;,&quot;background_background&quot;:&quot;classic&quot;}\">\n\t\t\t\t\t\t<div class=\"elementor-container elementor-column-gap-extended\">\n\t\t\t\t\t<div class=\"elementor-column elementor-col-50 elementor-top-column elementor-element elementor-element-621f13e\" data-id=\"621f13e\" data-element_type=\"column\">\n\t\t\t<div class=\"elementor-widget-wrap elementor-element-populated\">\n\t\t\t\t\t\t<div class=\"elementor-element elementor-element-848318a elementor-widget elementor-widget-image\" data-id=\"848318a\" data-element_type=\"widget\" data-widget_type=\"image.default\">\n\t\t\t\t\t\t\t\t\t\t\t\t\t\t\t<img fetchpriority=\"high\" decoding=\"async\" width=\"1707\" height=\"2560\" src=\"https:\/\/zasua.com.co\/wp-content\/uploads\/2025\/11\/DSC_1239-scaled.jpg\" class=\"attachment-full size-full wp-image-29428\" alt=\"\" srcset=\"https:\/\/zasua.com.co\/wp-content\/uploads\/2025\/11\/DSC_1239-scaled.jpg 1707w, https:\/\/zasua.com.co\/wp-content\/uploads\/2025\/11\/DSC_1239-200x300.jpg 200w, https:\/\/zasua.com.co\/wp-content\/uploads\/2025\/11\/DSC_1239-683x1024.jpg 683w, https:\/\/zasua.com.co\/wp-content\/uploads\/2025\/11\/DSC_1239-768x1152.jpg 768w, https:\/\/zasua.com.co\/wp-content\/uploads\/2025\/11\/DSC_1239-1024x1536.jpg 1024w, https:\/\/zasua.com.co\/wp-content\/uploads\/2025\/11\/DSC_1239-1365x2048.jpg 1365w, https:\/\/zasua.com.co\/wp-content\/uploads\/2025\/11\/DSC_1239-600x900.jpg 600w\" sizes=\"(max-width: 1707px) 100vw, 1707px\" \/>\t\t\t\t\t\t\t\t\t\t\t\t\t\t\t<\/div>\n\t\t\t\t\t<\/div>\n\t\t<\/div>\n\t\t\t\t<div class=\"elementor-column elementor-col-50 elementor-top-column elementor-element elementor-element-70382f1\" data-id=\"70382f1\" data-element_type=\"column\">\n\t\t\t<div class=\"elementor-widget-wrap elementor-element-populated\">\n\t\t\t\t\t\t<div class=\"elementor-element elementor-element-ac56130 elementor-widget elementor-widget-heading\" data-id=\"ac56130\" data-element_type=\"widget\" data-widget_type=\"heading.default\">\n\t\t\t\t\t<h2 class=\"elementor-heading-title elementor-size-default\">Marcela Villegas \u2013 Fundadora y Dise\u00f1adora de ZASUA<\/h2>\t\t\t\t<\/div>\n\t\t\t\t<div class=\"elementor-element elementor-element-c7b9330 elementor-widget elementor-widget-text-editor\" data-id=\"c7b9330\" data-element_type=\"widget\" data-widget_type=\"text-editor.default\">\n\t\t\t\t\t\t\t\t\t<p>Hola, soy Marcela Villegas, y desde el 2011 decid\u00ed seguir mi intuici\u00f3n y darle vida a un sue\u00f1o llamado ZASUA.<br \/>Esta marca naci\u00f3 de mi pasi\u00f3n por el dise\u00f1o de art\u00edculos en cuero, pero tambi\u00e9n de un deseo profundo: crear piezas que combinen belleza, comodidad y versatilidad. Siempre he cre\u00eddo que el dise\u00f1o no solo debe verse bien, sino sentirse bien. Por eso, cada producto que creo est\u00e1 pensado para mujeres reales, con vidas din\u00e1micas, que no quieren elegir entre estilo y confort.<br \/>Mi inspiraci\u00f3n nace del d\u00eda a d\u00eda de mujeres que se mueven, que lideran, que se reinventan. Y s\u00e9 que todo comienza con los zapatos que eliges cada ma\u00f1ana: que te hagan sentir segura, elegante, libre, c\u00f3moda y Que los puedas usar Dia y noche.<br \/>Cada pieza ZASUA est\u00e1 hecha a mano en Colombia, con atenci\u00f3n al detalle y mucho amor por el oficio. Porque m\u00e1s que una marca, esto es una forma de empoderar a otras mujeres, de caminar con prop\u00f3sito y de honrar nuestras ra\u00edces artesanas.<\/p><p><br \/><strong>Gracias por ser parte de esta historia.<\/strong><br \/><strong>Marcela<\/strong><\/p>\t\t\t\t\t\t\t\t<\/div>\n\t\t\t\t\t<\/div>\n\t\t<\/div>\n\t\t\t\t\t<\/div>\n\t\t<\/section>\n\t\t\t\t<\/div>\n\t\t","protected":false},"excerpt":{"rendered":"<p>Sobre nosotros NUESTRA ESENCIA En Zasua creemos que la verdadera elegancia nace de los detalles. Somos una marca colombiana dedicada a la creaci\u00f3n de zapatos, carteras y accesorios en cuero, elaborados a mano por artesanos que dominan el oficio con maestr\u00eda. Cada pieza es el resultado de un equilibrio perfecto entre confort, dise\u00f1o y tradici\u00f3n, &hellip; <br \/><a href=\"https:\/\/zasua.com.co\/?page_id=39\" class=\"more-link\">Continue reading <span class=\"screen-reader-text\">Sobre nosotros<\/span><\/a><\/p>\n","protected":false},"author":1,"featured_media":0,"parent":0,"menu_order":0,"comment_status":"closed","ping_status":"closed","template":"","meta":{"_joinchat":[],"footnotes":""},"class_list":["post-39","page","type-page","status-publish","hentry"],"_links":{"self":[{"href":"https:\/\/zasua.com.co\/index.php?rest_route=\/wp\/v2\/pages\/39","targetHints":{"allow":["GET"]}}],"collection":[{"href":"https:\/\/zasua.com.co\/index.php?rest_route=\/wp\/v2\/pages"}],"about":[{"href":"https:\/\/zasua.com.co\/index.php?rest_route=\/wp\/v2\/types\/page"}],"author":[{"embeddable":true,"href":"https:\/\/zasua.com.co\/index.php?rest_route=\/wp\/v2\/users\/1"}],"replies":[{"embeddable":true,"href":"https:\/\/zasua.com.co\/index.php?rest_route=%2Fwp%2Fv2%2Fcomments&post=39"}],"version-history":[{"count":41,"href":"https:\/\/zasua.com.co\/index.php?rest_route=\/wp\/v2\/pages\/39\/revisions"}],"predecessor-version":[{"id":29725,"href":"https:\/\/zasua.com.co\/index.php?rest_route=\/wp\/v2\/pages\/39\/revisions\/29725"}],"wp:attachment":[{"href":"https:\/\/zasua.com.co\/index.php?rest_route=%2Fwp%2Fv2%2Fmedia&parent=39"}],"curies":[{"name":"wp","href":"https:\/\/api.w.org\/{rel}","templated":true}]}}