{"id":29608,"date":"2025-12-02T17:47:47","date_gmt":"2025-12-02T22:47:47","guid":{"rendered":"https:\/\/zasua.com.co\/?product=planas-malaga-taches"},"modified":"2026-02-01T21:59:35","modified_gmt":"2026-02-02T02:59:35","slug":"planas-malaga-taches","status":"publish","type":"product","link":"https:\/\/zasua.com.co\/?product=planas-malaga-taches","title":{"rendered":"Planas M\u00e1laga Taches"},"content":{"rendered":"<p data-start=\"145\" data-end=\"180\"><strong data-start=\"145\" data-end=\"180\">Sandalias M\u00e1laga Taches\u00a0<\/strong><\/p>\n<p data-start=\"134\" data-end=\"328\">Un dise\u00f1o c\u00f3modo para todos los d\u00edas, con taches que elevan el look y lo hacen m\u00e1s especial.<br data-start=\"226\" data-end=\"229\" \/>Cuentan con doble plantilla en el tal\u00f3n para mayor confort, ideales para acompa\u00f1arte durante horas.<\/p>\n<p data-start=\"330\" data-end=\"382\">F\u00e1ciles de combinar y pensadas para tu ritmo diario.<\/p>\n<p data-start=\"182\" data-end=\"365\"><strong>Debido a que nuestros productos son hechos 100% a mano, la entrega puede tardar de 10 a 15 d\u00edas habiles.<\/strong><\/p>\n","protected":false},"excerpt":{"rendered":"<p>Sandalias en suave cuero de confeccion con doble plantilla en el talon<\/p>\n","protected":false},"featured_media":29986,"comment_status":"closed","ping_status":"closed","template":"","meta":{"_joinchat":[]},"product_brand":[],"product_cat":[217,191,190],"product_tag":[224,192,223],"class_list":{"0":"post-29608","1":"product","2":"type-product","3":"status-publish","4":"has-post-thumbnail","6":"product_cat-calzado","7":"product_cat-negro","8":"product_cat-planas-malaga-taches","9":"product_tag-cuero","10":"product_tag-planas-malaga-taches-negro","11":"product_tag-taches","12":"pa_talla-talla-35","13":"pa_talla-talla-36","14":"pa_talla-talla-37","15":"pa_talla-talla-38","16":"pa_talla-talla-39","17":"pa_talla-talla-40","19":"first","20":"instock","21":"purchasable","22":"product-type-variable"},"_links":{"self":[{"href":"https:\/\/zasua.com.co\/index.php?rest_route=\/wp\/v2\/product\/29608","targetHints":{"allow":["GET"]}}],"collection":[{"href":"https:\/\/zasua.com.co\/index.php?rest_route=\/wp\/v2\/product"}],"about":[{"href":"https:\/\/zasua.com.co\/index.php?rest_route=\/wp\/v2\/types\/product"}],"replies":[{"embeddable":true,"href":"https:\/\/zasua.com.co\/index.php?rest_route=%2Fwp%2Fv2%2Fcomments&post=29608"}],"wp:featuredmedia":[{"embeddable":true,"href":"https:\/\/zasua.com.co\/index.php?rest_route=\/wp\/v2\/media\/29986"}],"wp:attachment":[{"href":"https:\/\/zasua.com.co\/index.php?rest_route=%2Fwp%2Fv2%2Fmedia&parent=29608"}],"wp:term":[{"taxonomy":"product_brand","embeddable":true,"href":"https:\/\/zasua.com.co\/index.php?rest_route=%2Fwp%2Fv2%2Fproduct_brand&post=29608"},{"taxonomy":"product_cat","embeddable":true,"href":"https:\/\/zasua.com.co\/index.php?rest_route=%2Fwp%2Fv2%2Fproduct_cat&post=29608"},{"taxonomy":"product_tag","embeddable":true,"href":"https:\/\/zasua.com.co\/index.php?rest_route=%2Fwp%2Fv2%2Fproduct_tag&post=29608"}],"curies":[{"name":"wp","href":"https:\/\/api.w.org\/{rel}","templated":true}]}}