{"id":29640,"date":"2025-12-02T17:47:48","date_gmt":"2025-12-02T22:47:48","guid":{"rendered":"https:\/\/zasua.com.co\/?product=backpack-newport"},"modified":"2026-01-28T18:47:36","modified_gmt":"2026-01-28T23:47:36","slug":"backpack-newport","status":"publish","type":"product","link":"https:\/\/zasua.com.co\/?product=backpack-newport","title":{"rendered":"Backpack Newport"},"content":{"rendered":"<p>Backpack en Lona y Cuero Multifuncional, hecho a Mano<\/p>\n<p><strong style=\"font-weight: bold;font-family: Jost, Helvetica, Arial, sans-serif;font-size: 14px;font-style: normal;letter-spacing: normal;text-align: start;text-indent: 0px;text-transform: none;white-space: normal\">Debido a que nuestros productos son hechos 100% a mano, la entrega puede tardar de 10 a 15 d\u00edas habiles.<\/strong><\/p>\n","protected":false},"excerpt":{"rendered":"<p>Conecta tus diferentes momentos del d\u00eda con el backpack newport, \u00e9ste pr\u00e1ctico dise\u00f1o te brinda la alternativa de llevar un Morral y Una cartera para diferentes ocasiones en uno solo. Experimenta la libertad de adaptar tu estilo a cada momento, para la oficina o para viajar.<\/p>\n","protected":false},"featured_media":29738,"comment_status":"closed","ping_status":"closed","template":"","meta":{"_joinchat":[]},"product_brand":[],"product_cat":[213,215,214],"product_tag":[216],"class_list":{"0":"post-29640","1":"product","2":"type-product","3":"status-publish","4":"has-post-thumbnail","6":"product_cat-backpack","7":"product_cat-negro-newport","8":"product_cat-newport","9":"product_tag-backpack-newport-negro","11":"first","12":"instock","13":"purchasable","14":"product-type-simple"},"_links":{"self":[{"href":"https:\/\/zasua.com.co\/index.php?rest_route=\/wp\/v2\/product\/29640","targetHints":{"allow":["GET"]}}],"collection":[{"href":"https:\/\/zasua.com.co\/index.php?rest_route=\/wp\/v2\/product"}],"about":[{"href":"https:\/\/zasua.com.co\/index.php?rest_route=\/wp\/v2\/types\/product"}],"replies":[{"embeddable":true,"href":"https:\/\/zasua.com.co\/index.php?rest_route=%2Fwp%2Fv2%2Fcomments&post=29640"}],"wp:featuredmedia":[{"embeddable":true,"href":"https:\/\/zasua.com.co\/index.php?rest_route=\/wp\/v2\/media\/29738"}],"wp:attachment":[{"href":"https:\/\/zasua.com.co\/index.php?rest_route=%2Fwp%2Fv2%2Fmedia&parent=29640"}],"wp:term":[{"taxonomy":"product_brand","embeddable":true,"href":"https:\/\/zasua.com.co\/index.php?rest_route=%2Fwp%2Fv2%2Fproduct_brand&post=29640"},{"taxonomy":"product_cat","embeddable":true,"href":"https:\/\/zasua.com.co\/index.php?rest_route=%2Fwp%2Fv2%2Fproduct_cat&post=29640"},{"taxonomy":"product_tag","embeddable":true,"href":"https:\/\/zasua.com.co\/index.php?rest_route=%2Fwp%2Fv2%2Fproduct_tag&post=29640"}],"curies":[{"name":"wp","href":"https:\/\/api.w.org\/{rel}","templated":true}]}}