{"id":29829,"date":"2026-01-21T16:53:36","date_gmt":"2026-01-21T21:53:36","guid":{"rendered":"https:\/\/zasua.com.co\/?post_type=product&#038;p=29829"},"modified":"2026-01-29T09:53:19","modified_gmt":"2026-01-29T14:53:19","slug":"mules-cordon","status":"publish","type":"product","link":"https:\/\/zasua.com.co\/?product=mules-cordon","title":{"rendered":"Mules cord\u00f3n"},"content":{"rendered":"<p><strong>Mules planos<\/strong> Dise\u00f1adas para el d\u00eda a d\u00eda, con doble plantilla en el tal\u00f3n que brinda mayor confort. <strong>Debido a que nuestros productos son hechos 100% a mano, la entrega puede tardar de 10 a 15 d\u00edas habiles. <\/strong><\/p>\n","protected":false},"excerpt":{"rendered":"<p>Mules planos Dise\u00f1adas para el d\u00eda a d\u00eda, con doble plantilla en el tal\u00f3n que brinda mayor confort. Debido a que nuestros productos son hechos 100% a mano, la entrega puede tardar de 10 a 15 d\u00edas habiles.<\/p>\n","protected":false},"featured_media":29820,"comment_status":"open","ping_status":"closed","template":"","meta":{"_joinchat":[]},"product_brand":[],"product_cat":[227,217],"product_tag":[],"class_list":{"0":"post-29829","1":"product","2":"type-product","3":"status-publish","4":"has-post-thumbnail","6":"product_cat-mules","7":"product_cat-calzado","8":"pa_talla-talla-34-y-41-disponibles-bajo-pedido","9":"pa_talla-talla-35","10":"pa_talla-talla-36","11":"pa_talla-talla-37","12":"pa_talla-talla-38","13":"pa_talla-talla-39","14":"pa_talla-talla-40","16":"first","17":"instock","18":"shipping-taxable","19":"purchasable","20":"product-type-variable"},"_links":{"self":[{"href":"https:\/\/zasua.com.co\/index.php?rest_route=\/wp\/v2\/product\/29829","targetHints":{"allow":["GET"]}}],"collection":[{"href":"https:\/\/zasua.com.co\/index.php?rest_route=\/wp\/v2\/product"}],"about":[{"href":"https:\/\/zasua.com.co\/index.php?rest_route=\/wp\/v2\/types\/product"}],"replies":[{"embeddable":true,"href":"https:\/\/zasua.com.co\/index.php?rest_route=%2Fwp%2Fv2%2Fcomments&post=29829"}],"wp:featuredmedia":[{"embeddable":true,"href":"https:\/\/zasua.com.co\/index.php?rest_route=\/wp\/v2\/media\/29820"}],"wp:attachment":[{"href":"https:\/\/zasua.com.co\/index.php?rest_route=%2Fwp%2Fv2%2Fmedia&parent=29829"}],"wp:term":[{"taxonomy":"product_brand","embeddable":true,"href":"https:\/\/zasua.com.co\/index.php?rest_route=%2Fwp%2Fv2%2Fproduct_brand&post=29829"},{"taxonomy":"product_cat","embeddable":true,"href":"https:\/\/zasua.com.co\/index.php?rest_route=%2Fwp%2Fv2%2Fproduct_cat&post=29829"},{"taxonomy":"product_tag","embeddable":true,"href":"https:\/\/zasua.com.co\/index.php?rest_route=%2Fwp%2Fv2%2Fproduct_tag&post=29829"}],"curies":[{"name":"wp","href":"https:\/\/api.w.org\/{rel}","templated":true}]}}