{"id":29853,"date":"2026-01-28T17:09:04","date_gmt":"2026-01-28T22:09:04","guid":{"rendered":"https:\/\/zasua.com.co\/?post_type=product&#038;p=29853"},"modified":"2026-01-28T18:51:46","modified_gmt":"2026-01-28T23:51:46","slug":"mules-charms","status":"publish","type":"product","link":"https:\/\/zasua.com.co\/?product=mules-charms","title":{"rendered":"Mules Charms"},"content":{"rendered":"<p>Dise\u00f1ados para el d\u00eda a d\u00eda, combinan comodidad, estilo y elegancia en un dise\u00f1o vers\u00e1til en cuero.<\/p>\n<p>Cuentan con charms que los hacen \u00fanicos y les dan ese toque especial que marca la diferencia.<\/p>\n<p>Perfectos para llevar con todo y sentirte c\u00f3moda todo el d\u00eda.<\/p>\n<p><strong style=\"font-weight: bold;font-family: Jost, Helvetica, Arial, sans-serif;font-size: 14px;font-style: normal;letter-spacing: normal;text-align: start;text-indent: 0px;text-transform: none;white-space: normal\">Debido a que nuestros productos son hechos 100% a mano, la entrega puede tardar de 10 a 15 d\u00edas habiles.<\/strong><\/p>\n","protected":false},"excerpt":{"rendered":"<p>Dise\u00f1ados para el d\u00eda a d\u00eda, combinan comodidad, estilo y elegancia en un dise\u00f1o vers\u00e1til en cuero. Cuentan con charms que los hacen \u00fanicos y les dan ese toque especial que marca la diferencia. Perfectos para llevar con todo y sentirte c\u00f3moda todo el d\u00eda. Debido a que nuestros productos son hechos 100% a mano, &hellip; <br \/><a href=\"https:\/\/zasua.com.co\/?product=mules-charms\" class=\"more-link\">Continue reading <span class=\"screen-reader-text\">Mules Charms<\/span><\/a><\/p>\n","protected":false},"featured_media":29848,"comment_status":"open","ping_status":"closed","template":"","meta":{"_joinchat":[]},"product_brand":[],"product_cat":[227,217],"product_tag":[],"class_list":{"0":"post-29853","1":"product","2":"type-product","3":"status-publish","4":"has-post-thumbnail","6":"product_cat-mules","7":"product_cat-calzado","8":"pa_talla-talla-34-y-41-disponibles-bajo-pedido","9":"pa_talla-talla-35","10":"pa_talla-talla-36","11":"pa_talla-talla-37","12":"pa_talla-talla-38","13":"pa_talla-talla-39","14":"pa_talla-talla-40","16":"first","17":"instock","18":"shipping-taxable","19":"purchasable","20":"product-type-variable"},"_links":{"self":[{"href":"https:\/\/zasua.com.co\/index.php?rest_route=\/wp\/v2\/product\/29853","targetHints":{"allow":["GET"]}}],"collection":[{"href":"https:\/\/zasua.com.co\/index.php?rest_route=\/wp\/v2\/product"}],"about":[{"href":"https:\/\/zasua.com.co\/index.php?rest_route=\/wp\/v2\/types\/product"}],"replies":[{"embeddable":true,"href":"https:\/\/zasua.com.co\/index.php?rest_route=%2Fwp%2Fv2%2Fcomments&post=29853"}],"wp:featuredmedia":[{"embeddable":true,"href":"https:\/\/zasua.com.co\/index.php?rest_route=\/wp\/v2\/media\/29848"}],"wp:attachment":[{"href":"https:\/\/zasua.com.co\/index.php?rest_route=%2Fwp%2Fv2%2Fmedia&parent=29853"}],"wp:term":[{"taxonomy":"product_brand","embeddable":true,"href":"https:\/\/zasua.com.co\/index.php?rest_route=%2Fwp%2Fv2%2Fproduct_brand&post=29853"},{"taxonomy":"product_cat","embeddable":true,"href":"https:\/\/zasua.com.co\/index.php?rest_route=%2Fwp%2Fv2%2Fproduct_cat&post=29853"},{"taxonomy":"product_tag","embeddable":true,"href":"https:\/\/zasua.com.co\/index.php?rest_route=%2Fwp%2Fv2%2Fproduct_tag&post=29853"}],"curies":[{"name":"wp","href":"https:\/\/api.w.org\/{rel}","templated":true}]}}