{"id":29933,"date":"2026-02-01T18:26:26","date_gmt":"2026-02-01T23:26:26","guid":{"rendered":"https:\/\/zasua.com.co\/?post_type=product&#038;p=29933"},"modified":"2026-02-01T18:28:31","modified_gmt":"2026-02-01T23:28:31","slug":"nudo-taches","status":"publish","type":"product","link":"https:\/\/zasua.com.co\/?product=nudo-taches","title":{"rendered":"Nudo taches"},"content":{"rendered":"<p data-start=\"99\" data-end=\"132\"><strong data-start=\"99\" data-end=\"132\">Sandalias Nudo Taches\u00a0<\/strong><\/p>\n<p data-start=\"134\" data-end=\"305\">Dise\u00f1adas para el d\u00eda a d\u00eda, con una silueta c\u00f3moda y f\u00e1cil de llevar.<br data-start=\"204\" data-end=\"207\" \/>Los taches plateados elevan el look y lo mantienen moderno y vers\u00e1til.<\/p>\n<p data-start=\"307\" data-end=\"365\">Perfectas para acompa\u00f1arte con estilo durante todo el d\u00eda.<\/p>\n<p data-start=\"307\" data-end=\"365\"><strong>Debido a que nuestros productos son hechos 100% a mano, la entrega puede tardar de 10 a 15 d\u00edas habiles.<\/strong><\/p>\n","protected":false},"excerpt":{"rendered":"<p>Sandalias Nudo Taches\u00a0 Dise\u00f1adas para el d\u00eda a d\u00eda, con una silueta c\u00f3moda y f\u00e1cil de llevar.Los taches plateados elevan el look y lo mantienen moderno y vers\u00e1til. Perfectas para acompa\u00f1arte con estilo durante todo el d\u00eda. Debido a que nuestros productos son hechos 100% a mano, la entrega puede tardar de 10 a 15 &hellip; <br \/><a href=\"https:\/\/zasua.com.co\/?product=nudo-taches\" class=\"more-link\">Continue reading <span class=\"screen-reader-text\">Nudo taches<\/span><\/a><\/p>\n","protected":false},"featured_media":29907,"comment_status":"open","ping_status":"closed","template":"","meta":{"_joinchat":[]},"product_brand":[],"product_cat":[15,217,168],"product_tag":[],"class_list":{"0":"post-29933","1":"product","2":"type-product","3":"status-publish","4":"has-post-thumbnail","6":"product_cat-sin-categorizar","7":"product_cat-calzado","8":"product_cat-sandalias","9":"pa_talla-talla-34-y-41-disponibles-bajo-pedido","10":"pa_talla-talla-35","11":"pa_talla-talla-36","12":"pa_talla-talla-37","13":"pa_talla-talla-38","14":"pa_talla-talla-39","15":"pa_talla-talla-40","17":"first","18":"instock","19":"shipping-taxable","20":"purchasable","21":"product-type-variable","22":"has-default-attributes"},"_links":{"self":[{"href":"https:\/\/zasua.com.co\/index.php?rest_route=\/wp\/v2\/product\/29933","targetHints":{"allow":["GET"]}}],"collection":[{"href":"https:\/\/zasua.com.co\/index.php?rest_route=\/wp\/v2\/product"}],"about":[{"href":"https:\/\/zasua.com.co\/index.php?rest_route=\/wp\/v2\/types\/product"}],"replies":[{"embeddable":true,"href":"https:\/\/zasua.com.co\/index.php?rest_route=%2Fwp%2Fv2%2Fcomments&post=29933"}],"wp:featuredmedia":[{"embeddable":true,"href":"https:\/\/zasua.com.co\/index.php?rest_route=\/wp\/v2\/media\/29907"}],"wp:attachment":[{"href":"https:\/\/zasua.com.co\/index.php?rest_route=%2Fwp%2Fv2%2Fmedia&parent=29933"}],"wp:term":[{"taxonomy":"product_brand","embeddable":true,"href":"https:\/\/zasua.com.co\/index.php?rest_route=%2Fwp%2Fv2%2Fproduct_brand&post=29933"},{"taxonomy":"product_cat","embeddable":true,"href":"https:\/\/zasua.com.co\/index.php?rest_route=%2Fwp%2Fv2%2Fproduct_cat&post=29933"},{"taxonomy":"product_tag","embeddable":true,"href":"https:\/\/zasua.com.co\/index.php?rest_route=%2Fwp%2Fv2%2Fproduct_tag&post=29933"}],"curies":[{"name":"wp","href":"https:\/\/api.w.org\/{rel}","templated":true}]}}