{"id":29941,"date":"2026-02-01T19:08:08","date_gmt":"2026-02-02T00:08:08","guid":{"rendered":"https:\/\/zasua.com.co\/?post_type=product&#038;p=29941"},"modified":"2026-02-01T19:09:18","modified_gmt":"2026-02-02T00:09:18","slug":"planas-rodas","status":"publish","type":"product","link":"https:\/\/zasua.com.co\/?product=planas-rodas","title":{"rendered":"Planas rodas"},"content":{"rendered":"<p data-start=\"60\" data-end=\"87\"><strong data-start=\"60\" data-end=\"87\">Sandalias Rodas\u00a0<\/strong><\/p>\n<p data-start=\"89\" data-end=\"273\">Dise\u00f1adas para el d\u00eda a d\u00eda, con una silueta c\u00f3moda y ligera que se adapta a tu ritmo.<br data-start=\"175\" data-end=\"178\" \/>Su dise\u00f1o vers\u00e1til las hace f\u00e1ciles de combinar, ideales para usar todo el d\u00eda con total confort.<\/p>\n<p data-start=\"275\" data-end=\"328\">Un b\u00e1sico moderno para acompa\u00f1arte en cualquier plan.<\/p>\n<p data-start=\"275\" data-end=\"328\"><strong>Debido a que nuestros productos son hechos 100% a mano, la entrega puede tardar de 10 a 15 d\u00edas habiles.<\/strong><\/p>\n","protected":false},"excerpt":{"rendered":"<p>Sandalias Rodas\u00a0 Dise\u00f1adas para el d\u00eda a d\u00eda, con una silueta c\u00f3moda y ligera que se adapta a tu ritmo.Su dise\u00f1o vers\u00e1til las hace f\u00e1ciles de combinar, ideales para usar todo el d\u00eda con total confort. Un b\u00e1sico moderno para acompa\u00f1arte en cualquier plan. Debido a que nuestros productos son hechos 100% a mano, la &hellip; <br \/><a href=\"https:\/\/zasua.com.co\/?product=planas-rodas\" class=\"more-link\">Continue reading <span class=\"screen-reader-text\">Planas rodas<\/span><\/a><\/p>\n","protected":false},"featured_media":29950,"comment_status":"open","ping_status":"closed","template":"","meta":{"_joinchat":[]},"product_brand":[],"product_cat":[217,168],"product_tag":[],"class_list":{"0":"post-29941","1":"product","2":"type-product","3":"status-publish","4":"has-post-thumbnail","6":"product_cat-calzado","7":"product_cat-sandalias","8":"pa_talla-talla-34-y-41-disponibles-bajo-pedido","9":"pa_talla-talla-35","10":"pa_talla-talla-36","11":"pa_talla-talla-37","12":"pa_talla-talla-38","13":"pa_talla-talla-39","14":"pa_talla-talla-40","16":"first","17":"instock","18":"shipping-taxable","19":"purchasable","20":"product-type-variable"},"_links":{"self":[{"href":"https:\/\/zasua.com.co\/index.php?rest_route=\/wp\/v2\/product\/29941","targetHints":{"allow":["GET"]}}],"collection":[{"href":"https:\/\/zasua.com.co\/index.php?rest_route=\/wp\/v2\/product"}],"about":[{"href":"https:\/\/zasua.com.co\/index.php?rest_route=\/wp\/v2\/types\/product"}],"replies":[{"embeddable":true,"href":"https:\/\/zasua.com.co\/index.php?rest_route=%2Fwp%2Fv2%2Fcomments&post=29941"}],"wp:featuredmedia":[{"embeddable":true,"href":"https:\/\/zasua.com.co\/index.php?rest_route=\/wp\/v2\/media\/29950"}],"wp:attachment":[{"href":"https:\/\/zasua.com.co\/index.php?rest_route=%2Fwp%2Fv2%2Fmedia&parent=29941"}],"wp:term":[{"taxonomy":"product_brand","embeddable":true,"href":"https:\/\/zasua.com.co\/index.php?rest_route=%2Fwp%2Fv2%2Fproduct_brand&post=29941"},{"taxonomy":"product_cat","embeddable":true,"href":"https:\/\/zasua.com.co\/index.php?rest_route=%2Fwp%2Fv2%2Fproduct_cat&post=29941"},{"taxonomy":"product_tag","embeddable":true,"href":"https:\/\/zasua.com.co\/index.php?rest_route=%2Fwp%2Fv2%2Fproduct_tag&post=29941"}],"curies":[{"name":"wp","href":"https:\/\/api.w.org\/{rel}","templated":true}]}}