{"id":29957,"date":"2026-02-01T19:17:37","date_gmt":"2026-02-02T00:17:37","guid":{"rendered":"https:\/\/zasua.com.co\/?post_type=product&#038;p=29957"},"modified":"2026-02-01T19:17:37","modified_gmt":"2026-02-02T00:17:37","slug":"rodas-5-5cm-2","status":"publish","type":"product","link":"https:\/\/zasua.com.co\/?product=rodas-5-5cm-2","title":{"rendered":"Rodas 5.5cm"},"content":{"rendered":"<p><strong>Rodas 5.5cm <\/strong><\/p>\n<p>Dise\u00f1ados para quienes buscan elegancia y comodidad en un solo dise\u00f1o.<\/p>\n<p>Los zapatos Rodas cuentan con un tac\u00f3n bajo de 5.5 cm que brinda estabilidad y confort durante todo el d\u00eda, ideal para uso diario o para ocasiones especiales.<\/p>\n<p>Su silueta cl\u00e1sica los convierte en un b\u00e1sico vers\u00e1til que eleva cualquier look con facilidad.<\/p>\n<p><strong>Debido a que nuestros productos son hechos 100% a mano, la entrega puede tardar de 10 a 15 d\u00edas habiles.<\/strong><\/p>\n","protected":false},"excerpt":{"rendered":"<p>Rodas 5.5cm Dise\u00f1ados para quienes buscan elegancia y comodidad en un solo dise\u00f1o. Los zapatos Rodas cuentan con un tac\u00f3n bajo de 5.5 cm que brinda estabilidad y confort durante todo el d\u00eda, ideal para uso diario o para ocasiones especiales. Su silueta cl\u00e1sica los convierte en un b\u00e1sico vers\u00e1til que eleva cualquier look con &hellip; <br \/><a href=\"https:\/\/zasua.com.co\/?product=rodas-5-5cm-2\" class=\"more-link\">Continue reading <span class=\"screen-reader-text\">Rodas 5.5cm<\/span><\/a><\/p>\n","protected":false},"featured_media":29968,"comment_status":"open","ping_status":"closed","template":"","meta":{"_joinchat":[]},"product_brand":[],"product_cat":[229,217],"product_tag":[],"class_list":{"0":"post-29957","1":"product","2":"type-product","3":"status-publish","4":"has-post-thumbnail","6":"product_cat-rodas-tacon-5cm","7":"product_cat-calzado","8":"pa_talla-talla-34-y-41-disponibles-bajo-pedido","9":"pa_talla-talla-35","10":"pa_talla-talla-36","11":"pa_talla-talla-37","12":"pa_talla-talla-38","13":"pa_talla-talla-39","14":"pa_talla-talla-40","16":"first","17":"instock","18":"shipping-taxable","19":"purchasable","20":"product-type-variable"},"_links":{"self":[{"href":"https:\/\/zasua.com.co\/index.php?rest_route=\/wp\/v2\/product\/29957","targetHints":{"allow":["GET"]}}],"collection":[{"href":"https:\/\/zasua.com.co\/index.php?rest_route=\/wp\/v2\/product"}],"about":[{"href":"https:\/\/zasua.com.co\/index.php?rest_route=\/wp\/v2\/types\/product"}],"replies":[{"embeddable":true,"href":"https:\/\/zasua.com.co\/index.php?rest_route=%2Fwp%2Fv2%2Fcomments&post=29957"}],"wp:featuredmedia":[{"embeddable":true,"href":"https:\/\/zasua.com.co\/index.php?rest_route=\/wp\/v2\/media\/29968"}],"wp:attachment":[{"href":"https:\/\/zasua.com.co\/index.php?rest_route=%2Fwp%2Fv2%2Fmedia&parent=29957"}],"wp:term":[{"taxonomy":"product_brand","embeddable":true,"href":"https:\/\/zasua.com.co\/index.php?rest_route=%2Fwp%2Fv2%2Fproduct_brand&post=29957"},{"taxonomy":"product_cat","embeddable":true,"href":"https:\/\/zasua.com.co\/index.php?rest_route=%2Fwp%2Fv2%2Fproduct_cat&post=29957"},{"taxonomy":"product_tag","embeddable":true,"href":"https:\/\/zasua.com.co\/index.php?rest_route=%2Fwp%2Fv2%2Fproduct_tag&post=29957"}],"curies":[{"name":"wp","href":"https:\/\/api.w.org\/{rel}","templated":true}]}}